{"id":99,"date":"2024-02-24T17:02:18","date_gmt":"2024-02-24T16:02:18","guid":{"rendered":"https:\/\/david-unger.art\/?page_id=99"},"modified":"2025-02-19T11:38:54","modified_gmt":"2025-02-19T10:38:54","slug":"biographie","status":"publish","type":"page","link":"https:\/\/david-unger.art\/index.php\/biographie\/","title":{"rendered":"biographie"},"content":{"rendered":"\t\t<div data-elementor-type=\"wp-page\" data-elementor-id=\"99\" class=\"elementor elementor-99\" data-elementor-post-type=\"page\">\n\t\t\t\t<div class=\"elementor-element elementor-element-5238847 e-con-full e-flex e-con e-parent\" data-id=\"5238847\" data-element_type=\"container\" data-e-type=\"container\" data-settings=\"{&quot;background_background&quot;:&quot;classic&quot;,&quot;sticky&quot;:&quot;top&quot;,&quot;sticky_offset&quot;:15,&quot;sticky_offset_widescreen&quot;:15,&quot;sticky_offset_laptop&quot;:15,&quot;sticky_offset_tablet&quot;:15,&quot;sticky_offset_mobile&quot;:15,&quot;sticky_on&quot;:[&quot;widescreen&quot;,&quot;desktop&quot;,&quot;laptop&quot;,&quot;tablet&quot;,&quot;mobile&quot;],&quot;sticky_effects_offset&quot;:0,&quot;sticky_anchor_link_offset&quot;:0}\">\n\t\t\t\t<div class=\"elementor-element elementor-element-3cec880 elementor-widget elementor-widget-heading\" data-id=\"3cec880\" data-element_type=\"widget\" data-e-type=\"widget\" data-widget_type=\"heading.default\">\n\t\t\t\t<div class=\"elementor-widget-container\">\n\t\t\t\t\t<h1 class=\"elementor-heading-title elementor-size-default\">Biographie de <br>David UNGER<\/h1>\t\t\t\t<\/div>\n\t\t\t\t<\/div>\n\t\t\t\t<\/div>\n\t\t<div class=\"elementor-element elementor-element-fbf3cda e-flex e-con-boxed e-con e-parent\" data-id=\"fbf3cda\" data-element_type=\"container\" data-e-type=\"container\">\n\t\t\t\t\t<div class=\"e-con-inner\">\n\t\t<div class=\"elementor-element elementor-element-9bcd705 e-con-full e-flex e-con e-child\" data-id=\"9bcd705\" data-element_type=\"container\" data-e-type=\"container\">\n\t\t\t\t<div class=\"elementor-element elementor-element-6f23e04 elementor-widget elementor-widget-image\" data-id=\"6f23e04\" data-element_type=\"widget\" data-e-type=\"widget\" data-widget_type=\"image.default\">\n\t\t\t\t<div class=\"elementor-widget-container\">\n\t\t\t\t\t\t\t\t\t\t\t\t<figure class=\"wp-caption\">\n\t\t\t\t\t\t\t\t\t\t<img fetchpriority=\"high\" decoding=\"async\" width=\"400\" height=\"401\" src=\"https:\/\/david-unger.art\/wp-content\/uploads\/2025\/02\/photo-de-profil-david-unger.jpg\" class=\"attachment-large size-large wp-image-961\" alt=\"David Unger dessinateur illustrateur\" srcset=\"https:\/\/david-unger.art\/wp-content\/uploads\/2025\/02\/photo-de-profil-david-unger.jpg 400w, https:\/\/david-unger.art\/wp-content\/uploads\/2025\/02\/photo-de-profil-david-unger-300x300.jpg 300w, https:\/\/david-unger.art\/wp-content\/uploads\/2025\/02\/photo-de-profil-david-unger-150x150.jpg 150w\" sizes=\"(max-width: 400px) 100vw, 400px\" \/>\t\t\t\t\t\t\t\t\t\t\t<figcaption class=\"widget-image-caption wp-caption-text\">David UNGER<\/figcaption>\n\t\t\t\t\t\t\t\t\t\t<\/figure>\n\t\t\t\t\t\t\t\t\t<\/div>\n\t\t\t\t<\/div>\n\t\t\t\t<\/div>\n\t\t<div class=\"elementor-element elementor-element-f74a654 e-con-full e-flex e-con e-child\" data-id=\"f74a654\" data-element_type=\"container\" data-e-type=\"container\">\n\t\t\t\t<div class=\"elementor-element elementor-element-66cf484 elementor-widget elementor-widget-text-editor\" data-id=\"66cf484\" data-element_type=\"widget\" data-e-type=\"widget\" data-widget_type=\"text-editor.default\">\n\t\t\t\t<div class=\"elementor-widget-container\">\n\t\t\t\t\t\t\t\t\t<h5>Depuis 30 ans, David UNGER exerce son activit\u00e9 professionnelle d&#8217;artiste.<\/h5><h5>Cette activit\u00e9 comporte plusieurs facettes :<\/h5><h5>&#8211; Enseignement des pratiques picturales,<\/h5><h5>&#8211; Intervenant en milieu institutionnel,<\/h5><h5>&#8211; Auteur de bandes dessin\u00e9es,<\/h5><h5>&#8211; Illustration de livres,<\/h5><h5>&#8211; Artiste peintre.<\/h5>\t\t\t\t\t\t\t\t<\/div>\n\t\t\t\t<\/div>\n\t\t\t\t<\/div>\n\t\t\t\t\t<\/div>\n\t\t\t\t<\/div>\n\t\t<div class=\"elementor-element elementor-element-083870c e-flex e-con-boxed e-con e-parent\" data-id=\"083870c\" data-element_type=\"container\" data-e-type=\"container\" data-settings=\"{&quot;background_background&quot;:&quot;classic&quot;}\">\n\t\t\t\t\t<div class=\"e-con-inner\">\n\t\t\t\t<div class=\"elementor-element elementor-element-811ebd0 elementor-widget elementor-widget-text-editor\" data-id=\"811ebd0\" data-element_type=\"widget\" data-e-type=\"widget\" id=\"bio\" data-widget_type=\"text-editor.default\">\n\t\t\t\t<div class=\"elementor-widget-container\">\n\t\t\t\t\t\t\t\t\t<h5 style=\"text-align: left;\">Berc\u00e9 depuis son enfance dans la tradition de la bande dessin\u00e9e, de l&#8217;illustration et de la peinture, David UNGER ne pouvait se soustraire \u00e0 la r\u00e9alisation d&#8217;albums de bandes dessin\u00e9es.<\/h5><h5>Il collabore dans un premier temps \u00e0 l&#8217;adaptation des romans policiers de Pierre-Alain MAGEAU.<\/h5><h5>C&#8217;est ainsi que na\u00eet la collection &#8220;<em><strong><a href=\"https:\/\/david-unger.art\/index.php\/livres-bd\/\">Les enqu\u00eates de Joubert et Forestier \u00e0 La Rochelle<\/a>&#8220;<\/strong><\/em><\/h5><h5><strong><span style=\"text-decoration: underline;\">Cinq albums verront le jour :<\/span><\/strong><\/h5><h5>&#8211; Panique au stade<br \/>&#8211; Meurtres entre les deux tours<br \/>&#8211; Mortel Venin<br \/>&#8211; \u00c0 la droite du diable<br \/>&#8211; Cinq ans avec sursis<\/h5><h5>La maturit\u00e9 du trait, le sens du d\u00e9tail, un noir et blanc puissant, et l&#8217;\u00e9vocation graphique de sa ville d&#8217;adoption qu&#8217;est La Rochelle, en font une s\u00e9rie indispensable pour les amateurs du genre.<\/h5><h5>C&#8217;est au cours de nombreuses s\u00e9ances de d\u00e9dicaces que David UNGER rencontre Jacques Berlioz Curlet, autre membre <a href=\"https:\/\/blog.ecrivains-paysans.com\/2020\/07\/19\/le-kiosque-des-ecrivains-de-la-cote\/\" target=\"_blank\" rel=\"noopener\">des \u00e9crivains de la c\u00f4te<\/a>.<\/h5><h5>Celui-ci lui propose alors une fresque maritime du XVIII\u00e8 si\u00e8cle sur la c\u00e9l\u00e8bre fr\u00e9gate de la libert\u00e9 <strong>L&#8217;Hermione<\/strong>.<\/h5><h5>C&#8217;est ainsi que <a href=\"https:\/\/david-unger.art\/index.php\/livres-bd\/#fregate_hermione\"><em><strong>Les aventures de Jacques Drouineau, mousse sur la fr\u00e9gate Hermione<\/strong><\/em><\/a>, voient le jour.<\/h5><h5>David trouve l\u00e0, mati\u00e8re \u00e0 exprimer son go\u00fbt pour la couleur, le suspens, et les grands espaces maritimes.<\/h5><h5><strong><span style=\"text-decoration: underline;\">Deux albums paraissent par la suite :<\/span><\/strong><\/h5><h5>&#8211; Mission Lafayette.\u00a0<br \/>&#8211; \u00c0 la poursuite du corsaire noir<\/h5><h5><em>(ces deux en couleurs directes)<\/em><\/h5><h5>David travaille pour la collection DOCU-BD aux \u00e9ditions PETIT \u00e0 PETIT. Il \u00a0a particip\u00e9 \u00e0 deux albums collectifs :<\/h5><h5>&#8211; La Rochelle des origines \u00e0 nos jours.<br \/>&#8211; Histoires folles de la coupe du monde de rugby.<\/h5><h5>Artiste tr\u00e8s actif, David UNGER enseigne \u00e9galement les arts graphiques. Il propose aussi des expositions p\u00e9dagogiques sur ses albums.<\/h5>\t\t\t\t\t\t\t\t<\/div>\n\t\t\t\t<\/div>\n\t\t\t\t\t<\/div>\n\t\t\t\t<\/div>\n\t\t<div class=\"elementor-element elementor-element-b1c506e e-flex e-con-boxed e-con e-parent\" data-id=\"b1c506e\" data-element_type=\"container\" data-e-type=\"container\">\n\t\t\t\t\t<div class=\"e-con-inner\">\n\t\t\t\t<div class=\"elementor-element elementor-element-7131c56 elementor-widget elementor-widget-spacer\" data-id=\"7131c56\" data-element_type=\"widget\" data-e-type=\"widget\" data-widget_type=\"spacer.default\">\n\t\t\t\t<div class=\"elementor-widget-container\">\n\t\t\t\t\t\t\t<div class=\"elementor-spacer\">\n\t\t\t<div class=\"elementor-spacer-inner\"><\/div>\n\t\t<\/div>\n\t\t\t\t\t\t<\/div>\n\t\t\t\t<\/div>\n\t\t\t\t\t<\/div>\n\t\t\t\t<\/div>\n\t\t\t\t<\/div>\n\t\t","protected":false},"excerpt":{"rendered":"<p>Depuis 30 ans, David UNGER exerce son activit\u00e9 professionnelle d&#8217;artiste.<\/p>\n","protected":false},"author":1,"featured_media":0,"parent":0,"menu_order":0,"comment_status":"closed","ping_status":"closed","template":"elementor_header_footer","meta":{"footnotes":""},"class_list":["post-99","page","type-page","status-publish","hentry"],"yoast_head":"<!-- This site is optimized with the Yoast SEO plugin v27.0 - https:\/\/yoast.com\/product\/yoast-seo-wordpress\/ -->\n<title>biographie - David UNGER - Auteur dessinateur illustrateur<\/title>\n<meta name=\"robots\" content=\"index, follow, max-snippet:-1, max-image-preview:large, max-video-preview:-1\" \/>\n<link rel=\"canonical\" href=\"https:\/\/david-unger.art\/index.php\/biographie\/\" \/>\n<meta property=\"og:locale\" content=\"fr_FR\" \/>\n<meta property=\"og:type\" content=\"article\" \/>\n<meta property=\"og:title\" content=\"biographie - David UNGER - Auteur dessinateur illustrateur\" \/>\n<meta property=\"og:description\" content=\"Depuis 30 ans, David UNGER exerce son activit\u00e9 professionnelle d&#039;artiste.\" \/>\n<meta property=\"og:url\" content=\"https:\/\/david-unger.art\/index.php\/biographie\/\" \/>\n<meta property=\"og:site_name\" content=\"David UNGER - Auteur dessinateur illustrateur\" \/>\n<meta property=\"article:publisher\" content=\"https:\/\/www.facebook.com\/david.unger.313\" \/>\n<meta property=\"article:modified_time\" content=\"2025-02-19T10:38:54+00:00\" \/>\n<meta property=\"og:image\" content=\"https:\/\/david-unger.art\/wp-content\/uploads\/2025\/02\/photo-de-profil-david-unger.jpg\" \/>\n\t<meta property=\"og:image:width\" content=\"400\" \/>\n\t<meta property=\"og:image:height\" content=\"401\" \/>\n\t<meta property=\"og:image:type\" content=\"image\/jpeg\" \/>\n<meta name=\"twitter:card\" content=\"summary_large_image\" \/>\n<meta name=\"twitter:label1\" content=\"Dur\u00e9e de lecture estim\u00e9e\" \/>\n\t<meta name=\"twitter:data1\" content=\"2 minutes\" \/>\n<script type=\"application\/ld+json\" class=\"yoast-schema-graph\">{\"@context\":\"https:\/\/schema.org\",\"@graph\":[{\"@type\":\"WebPage\",\"@id\":\"https:\/\/david-unger.art\/index.php\/biographie\/\",\"url\":\"https:\/\/david-unger.art\/index.php\/biographie\/\",\"name\":\"biographie - David UNGER - Auteur dessinateur illustrateur\",\"isPartOf\":{\"@id\":\"https:\/\/david-unger.art\/#website\"},\"primaryImageOfPage\":{\"@id\":\"https:\/\/david-unger.art\/index.php\/biographie\/#primaryimage\"},\"image\":{\"@id\":\"https:\/\/david-unger.art\/index.php\/biographie\/#primaryimage\"},\"thumbnailUrl\":\"https:\/\/david-unger.art\/wp-content\/uploads\/2025\/02\/photo-de-profil-david-unger.jpg\",\"datePublished\":\"2024-02-24T16:02:18+00:00\",\"dateModified\":\"2025-02-19T10:38:54+00:00\",\"breadcrumb\":{\"@id\":\"https:\/\/david-unger.art\/index.php\/biographie\/#breadcrumb\"},\"inLanguage\":\"fr-FR\",\"potentialAction\":[{\"@type\":\"ReadAction\",\"target\":[\"https:\/\/david-unger.art\/index.php\/biographie\/\"]}]},{\"@type\":\"ImageObject\",\"inLanguage\":\"fr-FR\",\"@id\":\"https:\/\/david-unger.art\/index.php\/biographie\/#primaryimage\",\"url\":\"https:\/\/david-unger.art\/wp-content\/uploads\/2025\/02\/photo-de-profil-david-unger.jpg\",\"contentUrl\":\"https:\/\/david-unger.art\/wp-content\/uploads\/2025\/02\/photo-de-profil-david-unger.jpg\",\"width\":400,\"height\":401,\"caption\":\"Screenshot\"},{\"@type\":\"BreadcrumbList\",\"@id\":\"https:\/\/david-unger.art\/index.php\/biographie\/#breadcrumb\",\"itemListElement\":[{\"@type\":\"ListItem\",\"position\":1,\"name\":\"Accueil\",\"item\":\"https:\/\/david-unger.art\/\"},{\"@type\":\"ListItem\",\"position\":2,\"name\":\"biographie\"}]},{\"@type\":\"WebSite\",\"@id\":\"https:\/\/david-unger.art\/#website\",\"url\":\"https:\/\/david-unger.art\/\",\"name\":\"David UNGER - Auteur dessinateur illustrateur\",\"description\":\"David UNGER: tout un univers illustratif !\",\"publisher\":{\"@id\":\"https:\/\/david-unger.art\/#\/schema\/person\/0fa4f865482d2853cf4d61f29500499d\"},\"potentialAction\":[{\"@type\":\"SearchAction\",\"target\":{\"@type\":\"EntryPoint\",\"urlTemplate\":\"https:\/\/david-unger.art\/?s={search_term_string}\"},\"query-input\":{\"@type\":\"PropertyValueSpecification\",\"valueRequired\":true,\"valueName\":\"search_term_string\"}}],\"inLanguage\":\"fr-FR\"},{\"@type\":[\"Person\",\"Organization\"],\"@id\":\"https:\/\/david-unger.art\/#\/schema\/person\/0fa4f865482d2853cf4d61f29500499d\",\"name\":\"David UNGER\",\"image\":{\"@type\":\"ImageObject\",\"inLanguage\":\"fr-FR\",\"@id\":\"https:\/\/david-unger.art\/#\/schema\/person\/image\/\",\"url\":\"https:\/\/david-unger.art\/wp-content\/uploads\/2024\/02\/david-unger-dessinateur.png\",\"contentUrl\":\"https:\/\/david-unger.art\/wp-content\/uploads\/2024\/02\/david-unger-dessinateur.png\",\"width\":1146,\"height\":363,\"caption\":\"David UNGER\"},\"logo\":{\"@id\":\"https:\/\/david-unger.art\/#\/schema\/person\/image\/\"},\"description\":\"Depuis 30 ans, David UNGER exerce son activit\u00e9 professionnelle d\u2019artiste. Cette activit\u00e9 comporte plusieurs facettes : \u2013 Enseignement des pratiques picturales, \u2013 Intervenant en milieu institutionnel, \u2013 Auteur de bandes dessin\u00e9es, \u2013 Illustration de livres, \u2013 Artiste peintre.\",\"sameAs\":[\"https:\/\/david-unger.art\",\"https:\/\/www.facebook.com\/david.unger.313\",\"https:\/\/www.instagram.com\/davidunger17?igsh=MWx0Mnh4bHl4dWt4eg==\"]}]}<\/script>\n<!-- \/ Yoast SEO plugin. -->","yoast_head_json":{"title":"biographie - David UNGER - Auteur dessinateur illustrateur","robots":{"index":"index","follow":"follow","max-snippet":"max-snippet:-1","max-image-preview":"max-image-preview:large","max-video-preview":"max-video-preview:-1"},"canonical":"https:\/\/david-unger.art\/index.php\/biographie\/","og_locale":"fr_FR","og_type":"article","og_title":"biographie - David UNGER - Auteur dessinateur illustrateur","og_description":"Depuis 30 ans, David UNGER exerce son activit\u00e9 professionnelle d'artiste.","og_url":"https:\/\/david-unger.art\/index.php\/biographie\/","og_site_name":"David UNGER - Auteur dessinateur illustrateur","article_publisher":"https:\/\/www.facebook.com\/david.unger.313","article_modified_time":"2025-02-19T10:38:54+00:00","og_image":[{"width":400,"height":401,"url":"https:\/\/david-unger.art\/wp-content\/uploads\/2025\/02\/photo-de-profil-david-unger.jpg","type":"image\/jpeg"}],"twitter_card":"summary_large_image","twitter_misc":{"Dur\u00e9e de lecture estim\u00e9e":"2 minutes"},"schema":{"@context":"https:\/\/schema.org","@graph":[{"@type":"WebPage","@id":"https:\/\/david-unger.art\/index.php\/biographie\/","url":"https:\/\/david-unger.art\/index.php\/biographie\/","name":"biographie - David UNGER - Auteur dessinateur illustrateur","isPartOf":{"@id":"https:\/\/david-unger.art\/#website"},"primaryImageOfPage":{"@id":"https:\/\/david-unger.art\/index.php\/biographie\/#primaryimage"},"image":{"@id":"https:\/\/david-unger.art\/index.php\/biographie\/#primaryimage"},"thumbnailUrl":"https:\/\/david-unger.art\/wp-content\/uploads\/2025\/02\/photo-de-profil-david-unger.jpg","datePublished":"2024-02-24T16:02:18+00:00","dateModified":"2025-02-19T10:38:54+00:00","breadcrumb":{"@id":"https:\/\/david-unger.art\/index.php\/biographie\/#breadcrumb"},"inLanguage":"fr-FR","potentialAction":[{"@type":"ReadAction","target":["https:\/\/david-unger.art\/index.php\/biographie\/"]}]},{"@type":"ImageObject","inLanguage":"fr-FR","@id":"https:\/\/david-unger.art\/index.php\/biographie\/#primaryimage","url":"https:\/\/david-unger.art\/wp-content\/uploads\/2025\/02\/photo-de-profil-david-unger.jpg","contentUrl":"https:\/\/david-unger.art\/wp-content\/uploads\/2025\/02\/photo-de-profil-david-unger.jpg","width":400,"height":401,"caption":"Screenshot"},{"@type":"BreadcrumbList","@id":"https:\/\/david-unger.art\/index.php\/biographie\/#breadcrumb","itemListElement":[{"@type":"ListItem","position":1,"name":"Accueil","item":"https:\/\/david-unger.art\/"},{"@type":"ListItem","position":2,"name":"biographie"}]},{"@type":"WebSite","@id":"https:\/\/david-unger.art\/#website","url":"https:\/\/david-unger.art\/","name":"David UNGER - Auteur dessinateur illustrateur","description":"David UNGER: tout un univers illustratif !","publisher":{"@id":"https:\/\/david-unger.art\/#\/schema\/person\/0fa4f865482d2853cf4d61f29500499d"},"potentialAction":[{"@type":"SearchAction","target":{"@type":"EntryPoint","urlTemplate":"https:\/\/david-unger.art\/?s={search_term_string}"},"query-input":{"@type":"PropertyValueSpecification","valueRequired":true,"valueName":"search_term_string"}}],"inLanguage":"fr-FR"},{"@type":["Person","Organization"],"@id":"https:\/\/david-unger.art\/#\/schema\/person\/0fa4f865482d2853cf4d61f29500499d","name":"David UNGER","image":{"@type":"ImageObject","inLanguage":"fr-FR","@id":"https:\/\/david-unger.art\/#\/schema\/person\/image\/","url":"https:\/\/david-unger.art\/wp-content\/uploads\/2024\/02\/david-unger-dessinateur.png","contentUrl":"https:\/\/david-unger.art\/wp-content\/uploads\/2024\/02\/david-unger-dessinateur.png","width":1146,"height":363,"caption":"David UNGER"},"logo":{"@id":"https:\/\/david-unger.art\/#\/schema\/person\/image\/"},"description":"Depuis 30 ans, David UNGER exerce son activit\u00e9 professionnelle d\u2019artiste. Cette activit\u00e9 comporte plusieurs facettes : \u2013 Enseignement des pratiques picturales, \u2013 Intervenant en milieu institutionnel, \u2013 Auteur de bandes dessin\u00e9es, \u2013 Illustration de livres, \u2013 Artiste peintre.","sameAs":["https:\/\/david-unger.art","https:\/\/www.facebook.com\/david.unger.313","https:\/\/www.instagram.com\/davidunger17?igsh=MWx0Mnh4bHl4dWt4eg=="]}]}},"_links":{"self":[{"href":"https:\/\/david-unger.art\/index.php\/wp-json\/wp\/v2\/pages\/99","targetHints":{"allow":["GET"]}}],"collection":[{"href":"https:\/\/david-unger.art\/index.php\/wp-json\/wp\/v2\/pages"}],"about":[{"href":"https:\/\/david-unger.art\/index.php\/wp-json\/wp\/v2\/types\/page"}],"author":[{"embeddable":true,"href":"https:\/\/david-unger.art\/index.php\/wp-json\/wp\/v2\/users\/1"}],"replies":[{"embeddable":true,"href":"https:\/\/david-unger.art\/index.php\/wp-json\/wp\/v2\/comments?post=99"}],"version-history":[{"count":121,"href":"https:\/\/david-unger.art\/index.php\/wp-json\/wp\/v2\/pages\/99\/revisions"}],"predecessor-version":[{"id":1154,"href":"https:\/\/david-unger.art\/index.php\/wp-json\/wp\/v2\/pages\/99\/revisions\/1154"}],"wp:attachment":[{"href":"https:\/\/david-unger.art\/index.php\/wp-json\/wp\/v2\/media?parent=99"}],"curies":[{"name":"wp","href":"https:\/\/api.w.org\/{rel}","templated":true}]}}